{"id":1208,"date":"2019-09-30T14:17:37","date_gmt":"2019-09-30T12:17:37","guid":{"rendered":"https:\/\/ge-dellbrueck.de\/?page_id=1208"},"modified":"2024-03-06T13:16:13","modified_gmt":"2024-03-06T12:16:13","slug":"datenschutz","status":"publish","type":"page","link":"https:\/\/ge-dellbrueck.de\/start\/service\/datenschutz\/","title":{"rendered":"Datenschutz"},"content":{"rendered":"\n<p>Gesamtschule Dellbr\u00fccker Mauspfad<br>Dellbr\u00fccker Mauspfad 198<br>51069 K\u00f6ln<\/p>\n\n\n\n<p>Tel.: 0221\/98500448 (Sekretariat Frau Birx)<\/p>\n\n\n\n<p>info@ge-dellbrueck.de<\/p>\n\n\n\n<p>Verantwortlicher i. S. d. \u00a7 10 Abs. 3 MDStV: Sule Fatos Ekemen (komm. Schulleiterin)<\/p>\n\n\n\n<figure class=\"wp-block-table\"><table><tbody><tr><td><strong>Schultr\u00e4ger<br> <\/strong>(Diensteanbieter im <br>Sinne des RStvlTMG):<\/td><td>       <\/td><td>\nStadt K\u00f6ln \u2013 Amt f\u00fcr Schulentwicklung<br>\nvertreten durch: <em>Oberb\u00fcrgermeisterin Henriette Reker<\/em><br>\nWilly-Brandt-Platz 3<br>\n50679 K\u00f6ln\nTelefon: (0221) 221 -29204<br>\nTelefax: (0 221) 22.1 \u2013 29240<\/td><\/tr><\/tbody><\/table><\/figure>\n\n\n\n<p>Gestaltung und Realisation:<br> Sule Ekemen, Melanie Sundara, Britta Koch<\/p>\n\n\n\n<p>Webmaster: Sule Ekemen<\/p>\n\n\n\n<p>Copyright:<br>Die Inhalte dieser Site sind urheberrechtlich gesch\u00fctzt. Sollten Sie  Texte, Fotos und Abbildungen verwenden wollen, so setzen Sie sich bitte  vorab mit uns in Verbindung.<\/p>\n\n\n<div class=\"wp-block-image\">\n<figure class=\"alignleft is-resized\"><img decoding=\"async\" src=\"https:\/\/www.wbgs-koeln.de\/wp-content\/uploads\/2015\/04\/impressum.jpg\" alt=\"impressum\" class=\"wp-image-8939\" style=\"width:421px;height:186px\"\/><\/figure><\/div>\n\n\n<p>Datenschutz:<br> Die Nutzung dieser Webseite ist in der Regel ohne Angabe  personenbezogener Daten m\u00f6glich. Soweit auf den Seiten personenbezogene  Daten (beispielsweise Name, Anschrift oder Email-Adressen) erhoben  werden, erfolgt dies, soweit m\u00f6glich, stets auf freiwilliger Basis.  Diese Daten werden ohne Ihre ausdr\u00fcckliche Zustimmung nicht an Dritte  weitergegeben. Wir weisen darauf hin, dass die Daten\u00fcbertragung im Internet (z.B. bei der Kommunikation per Email) Sicherheitsl\u00fccken  aufweisen kann. Ein l\u00fcckenloser Schutz der Daten vor dem Zugriff durch  Dritte ist nicht m\u00f6glich.&nbsp;Der Nutzung von im Rahmen der  Impressumspflicht ver\u00f6ffentlichten Kontaktdaten durch Dritte zur  \u00dcbersendung von nicht ausdr\u00fccklich angeforderter Werbung und  Informationsmaterialien wird hiermit ausdr\u00fccklich widersprochen. Der  Betreiber der Seiten beh\u00e4lt sich ausdr\u00fccklich rechtliche Schritte im  Falle einer unverlangten Zusendung von Werbeinformationen, etwa durch  Spam-Mails, vor.<\/p>\n\n\n\n<p><em>Den schulischen Datenschutzbeauftragten erreichen Sie unter:<br>\nDatenschutzbeauftragter f\u00fcr die Schulen der Stadt K\u00f6ln<br>\nSchulamt f\u00fcr die Stadt K\u00f6ln<br>\nWilly-Brandt-Platz 3<br>\n50679 K\u00f6ln<br>\n<a href=\"mailto:datenschutz-schulen@stadt-koeln.de\">datenschutz-schulen@stadt-koeln.de<\/a><\/em><\/p>\n","protected":false},"excerpt":{"rendered":"<p>Gesamtschule Dellbr\u00fccker MauspfadDellbr\u00fccker Mauspfad 19851069 K\u00f6ln Tel.: 0221\/98500448 (Sekretariat Frau Birx) info@ge-dellbrueck.de Verantwortlicher i. S. d. \u00a7 10 Abs. 3 MDStV: Sule Fatos Ekemen (komm. Schulleiterin) Schultr\u00e4ger (Diensteanbieter im Sinne des RStvlTMG): Stadt K\u00f6ln \u2013 Amt f\u00fcr Schulentwicklung vertreten durch: Oberb\u00fcrgermeisterin Henriette Reker Willy-Brandt-Platz 3 50679 K\u00f6ln Telefon: (0221) 221 -29204 Telefax: (0 221) 22.1 [&hellip;]<\/p>\n","protected":false},"author":5,"featured_media":0,"parent":475,"menu_order":0,"comment_status":"closed","ping_status":"closed","template":"full-width","meta":{"saved_in_kubio":true,"footnotes":""},"class_list":["post-1208","page","type-page","status-publish","hentry"],"kubio_ai_page_context":{"short_desc":"","purpose":"general"},"_links":{"self":[{"href":"https:\/\/ge-dellbrueck.de\/start\/wp-json\/wp\/v2\/pages\/1208","targetHints":{"allow":["GET"]}}],"collection":[{"href":"https:\/\/ge-dellbrueck.de\/start\/wp-json\/wp\/v2\/pages"}],"about":[{"href":"https:\/\/ge-dellbrueck.de\/start\/wp-json\/wp\/v2\/types\/page"}],"author":[{"embeddable":true,"href":"https:\/\/ge-dellbrueck.de\/start\/wp-json\/wp\/v2\/users\/5"}],"replies":[{"embeddable":true,"href":"https:\/\/ge-dellbrueck.de\/start\/wp-json\/wp\/v2\/comments?post=1208"}],"version-history":[{"count":11,"href":"https:\/\/ge-dellbrueck.de\/start\/wp-json\/wp\/v2\/pages\/1208\/revisions"}],"predecessor-version":[{"id":6207,"href":"https:\/\/ge-dellbrueck.de\/start\/wp-json\/wp\/v2\/pages\/1208\/revisions\/6207"}],"up":[{"embeddable":true,"href":"https:\/\/ge-dellbrueck.de\/start\/wp-json\/wp\/v2\/pages\/475"}],"wp:attachment":[{"href":"https:\/\/ge-dellbrueck.de\/start\/wp-json\/wp\/v2\/media?parent=1208"}],"curies":[{"name":"wp","href":"https:\/\/api.w.org\/{rel}","templated":true}]}}