{"id":1219,"date":"2019-10-02T10:43:00","date_gmt":"2019-10-02T08:43:00","guid":{"rendered":"https:\/\/ge-dellbrueck.de\/?page_id=1219"},"modified":"2024-11-25T20:25:44","modified_gmt":"2024-11-25T19:25:44","slug":"sv-seite","status":"publish","type":"page","link":"https:\/\/ge-dellbrueck.de\/start\/schulgemeinde\/sv-seite\/","title":{"rendered":"SV-Seite"},"content":{"rendered":"\n<p>Auf dieser Seite findet Ihr alle Aktivit\u00e4ten und wichtigen Personen, die mit der Arbeit der SV zu tun haben.<\/p>\n\n\n\n<p class=\"has-luminous-vivid-amber-background-color has-background\">SV hei\u00dft \u00fcbrigens Sch\u00fclervertretung.<\/p>\n\n\n\n<p>\u00dcber die SV k\u00f6nnt Ihr Einfluss nehmen auf Einiges, was in Eurer Schule, der Gesamtschule Dellbr\u00fccker Mauspfad, entschieden wird.  <\/p>\n\n\n\n<p>Das ist sogar in einem <a href=\"https:\/\/bass.schul-welt.de\/834.htm\">Gesetz<\/a> geregelt:<\/p>\n\n\n\n<div class=\"wp-block-file\"><a id=\"wp-block-file--media-529bf7bc-f465-47c2-b498-5286bdbb6082\" href=\"https:\/\/ge-dellbrueck.de\/wp-content\/uploads\/2019\/10\/SV-Erlass-BASS.pdf\">SV-Erlass-BASS<\/a><a href=\"https:\/\/ge-dellbrueck.de\/wp-content\/uploads\/2019\/10\/SV-Erlass-BASS.pdf\" class=\"wp-block-file__button wp-element-button\" download aria-describedby=\"wp-block-file--media-529bf7bc-f465-47c2-b498-5286bdbb6082\">Herunterladen<\/a><\/div>\n\n\n\n<p class=\"has-medium-font-size\"><\/p>\n\n\n\n<p class=\"has-medium-font-size\">Auch die SV-Verbindungslehrer*innen, die den Kontakt zwischen Sch\u00fclerschaft, Lehrerschaft und Schulleitung unterst\u00fctzen, werden durch die Mitglieder der SV gew\u00e4hlt.<\/p>\n\n\n\n<p><br><\/p>\n","protected":false},"excerpt":{"rendered":"<p>Auf dieser Seite findet Ihr alle Aktivit\u00e4ten und wichtigen Personen, die mit der Arbeit der SV zu tun haben. SV hei\u00dft \u00fcbrigens Sch\u00fclervertretung. \u00dcber die SV k\u00f6nnt Ihr Einfluss nehmen auf Einiges, was in Eurer Schule, der Gesamtschule Dellbr\u00fccker Mauspfad, entschieden wird. Das ist sogar in einem Gesetz geregelt: Auch die SV-Verbindungslehrer*innen, die den Kontakt [&hellip;]<\/p>\n","protected":false},"author":5,"featured_media":0,"parent":462,"menu_order":0,"comment_status":"closed","ping_status":"closed","template":"full-width","meta":{"saved_in_kubio":true,"footnotes":""},"class_list":["post-1219","page","type-page","status-publish","hentry"],"kubio_ai_page_context":{"short_desc":"","purpose":"general"},"_links":{"self":[{"href":"https:\/\/ge-dellbrueck.de\/start\/wp-json\/wp\/v2\/pages\/1219","targetHints":{"allow":["GET"]}}],"collection":[{"href":"https:\/\/ge-dellbrueck.de\/start\/wp-json\/wp\/v2\/pages"}],"about":[{"href":"https:\/\/ge-dellbrueck.de\/start\/wp-json\/wp\/v2\/types\/page"}],"author":[{"embeddable":true,"href":"https:\/\/ge-dellbrueck.de\/start\/wp-json\/wp\/v2\/users\/5"}],"replies":[{"embeddable":true,"href":"https:\/\/ge-dellbrueck.de\/start\/wp-json\/wp\/v2\/comments?post=1219"}],"version-history":[{"count":24,"href":"https:\/\/ge-dellbrueck.de\/start\/wp-json\/wp\/v2\/pages\/1219\/revisions"}],"predecessor-version":[{"id":6953,"href":"https:\/\/ge-dellbrueck.de\/start\/wp-json\/wp\/v2\/pages\/1219\/revisions\/6953"}],"up":[{"embeddable":true,"href":"https:\/\/ge-dellbrueck.de\/start\/wp-json\/wp\/v2\/pages\/462"}],"wp:attachment":[{"href":"https:\/\/ge-dellbrueck.de\/start\/wp-json\/wp\/v2\/media?parent=1219"}],"curies":[{"name":"wp","href":"https:\/\/api.w.org\/{rel}","templated":true}]}}