{"id":2279,"date":"2020-10-05T11:24:07","date_gmt":"2020-10-05T09:24:07","guid":{"rendered":"https:\/\/ge-dellbrueck.de\/?page_id=2279"},"modified":"2024-03-06T12:55:13","modified_gmt":"2024-03-06T11:55:13","slug":"inklusion","status":"publish","type":"page","link":"https:\/\/ge-dellbrueck.de\/start\/inklusion\/","title":{"rendered":"Inklusion"},"content":{"rendered":"\n<p style=\"text-align:center\" class=\"has-medium-font-size\"><strong>Gemeinsam verschieden sein.<\/strong><\/p>\n\n\n\n<p style=\"text-align:center\" class=\"has-medium-font-size\"><strong>Inklusion an der Gesamtschule\nDellbr\u00fccker Mauspfad<\/strong><\/p>\n\n\n\n<p>In unserer Schule lernen und arbeiten unterschiedliche Sch\u00fcler*innen,\nLehrer*innen, Sozialarbeiter*innen und Menschen mit anderen Professionen im\nTeam zusammen. Sch\u00fcler*innen mit und ohne F\u00f6rderbedarf werden von\nRegelschullehrer*innen und Sonderschullehrer*innen gemeinsam unterrichtet. In\njedem Stufenteam arbeitet ein*e, bzw. zwei Sonderschullehrer*innen. Neben dem\ngemeinsamen Unterrichten werden unterschiedliche Lernangebote in Kleingruppen\nangeboten. Diese Lernangebote werden auf die Bed\u00fcrfnisse der Sch\u00fcler*innen\nausgerichtet, sie haben beispielsweise einen Schwerpunkt in motorischen, im\nlebenspraktischen, im handwerklichen Bereich oder bei der Berufsvorbereitung. <\/p>\n\n\n\n<figure class=\"wp-block-image is-resized\"><a href=\"https:\/\/ge-dellbrueck.de\/wp-content\/uploads\/2020\/09\/Inklusion-Bilder-1.jpg\"><img loading=\"lazy\" decoding=\"async\" src=\"https:\/\/ge-dellbrueck.de\/wp-content\/uploads\/2020\/09\/Inklusion-Bilder-1-1024x736.jpg\" alt=\"\" class=\"wp-image-2344\" width=\"637\" height=\"457\" srcset=\"https:\/\/ge-dellbrueck.de\/wp-content\/uploads\/2020\/09\/Inklusion-Bilder-1-1024x736.jpg 1024w, https:\/\/ge-dellbrueck.de\/wp-content\/uploads\/2020\/09\/Inklusion-Bilder-1-300x215.jpg 300w, https:\/\/ge-dellbrueck.de\/wp-content\/uploads\/2020\/09\/Inklusion-Bilder-1-768x552.jpg 768w, https:\/\/ge-dellbrueck.de\/wp-content\/uploads\/2020\/09\/Inklusion-Bilder-1.jpg 1168w\" sizes=\"(max-width: 637px) 100vw, 637px\" \/><\/a><\/figure>\n\n\n\n<p>Weitere Aufgaben der Sonderp\u00e4dagogen*innen<\/p>\n\n\n\n<ul class=\"wp-block-list\"><li>F\u00f6rderplanung<\/li><li>Gutachtenerstellung<\/li><li>Hilfeplangespr\u00e4che<\/li><li>Elternberatung<\/li><li>Zusammenarbeit\nmit der Reha-Beratung<\/li><li>Zusammenarbeit\nmit Schulbegleiter*innen<\/li><\/ul>\n\n\n\n<p>Hier finden Sie den aktuelle Flyer mit den wichtigsten  Handlungsfeldern unserer Arbeit im Bereich der Inklusion, sowie den  AnsprechpartnerInnen:<\/p>\n\n\n\n<p><a href=\"https:\/\/ge-dellbrueck.de\/wp-content\/uploads\/2019\/10\/Flyer-Inklusion-au\u00dfen.pdf\">Flyer-Inklusion-Aufgaben und Verantwortliche Herunterladen<\/a><\/p>\n\n\n\n<p><a href=\"https:\/\/ge-dellbrueck.de\/wp-content\/uploads\/2019\/10\/Flyer-Inklusion-innen.pdf\">Flyer-Inklusion-Handlungsfelder und Praxis Herunterladen<\/a><\/p>\n\n\n\n<p>Zust\u00e4ndigkeitsbereiche der Sonderp\u00e4dagogen*innen<\/p>\n\n\n\n<p><strong>Stufe 5<\/strong><\/p>\n\n\n\n<p><strong>Eike Paulsen<\/strong>, <br> Mail: <a href=\"mailto:jan.wowrek@ge-dellbrueck.de\">eike.paulsen@ge-dellbrueck.de<\/a> <\/p>\n\n\n\n<p><strong>Jan Wowrek<\/strong> <br>Mail: <a href=\"mailto:jan.wowrek@ge-dellbrueck.de\">jan.wowrek@ge-dellbrueck.de<\/a> <\/p>\n\n\n\n<p><strong>Stufe 6<\/strong><\/p>\n\n\n\n<p>Andrea Pr\u00f6mpeler<br>Mail: <a href=\"mailto:andrea.proempeler@ge-dellbrueck.de\">andrea.proempeler@ge-dellbrueck.de<\/a><\/p>\n\n\n\n<p>Marvin Schremmer<br>Mail: <a href=\"mailto:marvin.schremmer@ge-dellbrueck.de\">marvin.schremmer@ge-dellbrueck.de<\/a><\/p>\n\n\n\n<p><strong>Stufe 7<\/strong><\/p>\n\n\n\n<p>Jan Kellermann<br>Mail: <a href=\"mailto:jan.kellermann@ge-dellbrueck.de\">jan.kellermann@ge-dellbrueck.de<\/a><\/p>\n\n\n\n<p><strong>Stufe 8<\/strong><\/p>\n\n\n\n<p>Bernward Boch<br>Mail: <a href=\"mailto:bernward.boch@ge-dellbrueck.de\">bernward.boch@ge-dellbrueck.de<\/a><\/p>\n\n\n\n<p><strong>Stufe 9<\/strong><\/p>\n\n\n\n<p>Utta Lorenz<br>Mail: <a href=\"mailto:utta.lorenz@ge-dellbrueck.de\">utta.lorenz@ge-dellbrueck.de<\/a><\/p>\n\n\n\n<p>Bernward Boch<\/p>\n\n\n\n<p>Mail:\n<a href=\"mailto:bernward.boch@ge-dellbrueck.de\">bernward.boch@ge-dellbrueck.de<\/a><\/p>\n\n\n\n<p><strong>Stufe 10<\/strong><\/p>\n\n\n\n<p>Utta Lorenz<br>Mail: <a href=\"mailto:utta.lorenz@ge-dellbrueck.de\">utta.lorenz@ge-dellbrueck.de<\/a><\/p>\n\n\n\n<p><strong>Fachgebiet H\u00f6ren und\nKommunikation<\/strong><\/p>\n\n\n\n<p>Elena Hillenkamp<br>Mail: <a href=\"mailto:elena.hillenkamp@ge-dellbrueck.de\">elena.hillenkamp@ge-dellbrueck.de<\/a><\/p>\n","protected":false},"excerpt":{"rendered":"<p>Gemeinsam verschieden sein. Inklusion an der Gesamtschule Dellbr\u00fccker Mauspfad In unserer Schule lernen und arbeiten unterschiedliche Sch\u00fcler*innen, Lehrer*innen, Sozialarbeiter*innen und Menschen mit anderen Professionen im Team zusammen. Sch\u00fcler*innen mit und ohne F\u00f6rderbedarf werden von Regelschullehrer*innen und Sonderschullehrer*innen gemeinsam unterrichtet. In jedem Stufenteam arbeitet ein*e, bzw. zwei Sonderschullehrer*innen. Neben dem gemeinsamen Unterrichten werden unterschiedliche Lernangebote in [&hellip;]<\/p>\n","protected":false},"author":5,"featured_media":0,"parent":0,"menu_order":0,"comment_status":"closed","ping_status":"closed","template":"full-width","meta":{"saved_in_kubio":true,"footnotes":""},"class_list":["post-2279","page","type-page","status-publish","hentry"],"kubio_ai_page_context":{"short_desc":"","purpose":"general"},"_links":{"self":[{"href":"https:\/\/ge-dellbrueck.de\/start\/wp-json\/wp\/v2\/pages\/2279","targetHints":{"allow":["GET"]}}],"collection":[{"href":"https:\/\/ge-dellbrueck.de\/start\/wp-json\/wp\/v2\/pages"}],"about":[{"href":"https:\/\/ge-dellbrueck.de\/start\/wp-json\/wp\/v2\/types\/page"}],"author":[{"embeddable":true,"href":"https:\/\/ge-dellbrueck.de\/start\/wp-json\/wp\/v2\/users\/5"}],"replies":[{"embeddable":true,"href":"https:\/\/ge-dellbrueck.de\/start\/wp-json\/wp\/v2\/comments?post=2279"}],"version-history":[{"count":7,"href":"https:\/\/ge-dellbrueck.de\/start\/wp-json\/wp\/v2\/pages\/2279\/revisions"}],"predecessor-version":[{"id":6193,"href":"https:\/\/ge-dellbrueck.de\/start\/wp-json\/wp\/v2\/pages\/2279\/revisions\/6193"}],"wp:attachment":[{"href":"https:\/\/ge-dellbrueck.de\/start\/wp-json\/wp\/v2\/media?parent=2279"}],"curies":[{"name":"wp","href":"https:\/\/api.w.org\/{rel}","templated":true}]}}