{"id":2288,"date":"2020-10-05T11:27:04","date_gmt":"2020-10-05T09:27:04","guid":{"rendered":"https:\/\/ge-dellbrueck.de\/?page_id=2288"},"modified":"2024-05-14T12:35:30","modified_gmt":"2024-05-14T10:35:30","slug":"mathematik","status":"publish","type":"page","link":"https:\/\/ge-dellbrueck.de\/start\/mathematik\/","title":{"rendered":"Mathematik"},"content":{"rendered":"\n<p><strong>Angebote in den Jahrg\u00e4ngen<\/strong><\/p>\n\n\n\n<p><em>Im Jahrgang 5 bieten   wir eine F\u00f6rderstunde durch die Fachlehrkraft f\u00fcr alle SuS in Kleingruppen   an, damit der \u00dcbergang von der Grundschule besser bew\u00e4ltigt wird. Ab Jahrgang 8 differenzieren wir in Grundkurs und Erweiterungskurs f\u00fcr den individuellen Schulabschluss.<\/em><\/p>\n\n\n\n<p><strong>Schwerpunkte des Faches in den einzelnen Jahrg\u00e4ngen (Kurzfassung)<\/strong><\/p>\n\n\n\n<p><strong>Kompetenzen &#8211; Unterrichtsinhalte <\/strong><br>Inhalte des Faches stehen im schulinternen Lehrplan<\/p>\n\n\n\n<p>Alle Sch\u00fclerinnen und Sch\u00fcler haben jedes Jahr die M\u00f6glichkeit am weltweiten K\u00e4nguru Wettbewerb teilzunehmen. Zu verschiedenen Inhalten werden weitere Lehrmaterialien eingesetzt wie dynamische Geometriesoftware, Tabellenkalkulationsprogramme, Bruchsets, Geobretter\u2026 <\/p>\n\n\n\n<p><strong>Leistungsbewertung<\/strong><\/p>\n\n\n\n<p><em>Eine detaillierte Auff\u00fchrung steht im \u201eLeistungskonzept der GDM\u201c<\/em><\/p>\n\n\n\n<p><strong>Materialien f\u00fcr die Klassen\/ Kurse &#8211; Info f\u00fcr Eltern und Sch\u00fcler*innen<\/strong><\/p>\n\n\n\n<p><em>Material: 2 Rechenhefte, 2 Schnellhefter, Bleistift, Geodreieck, Zirkel<\/em><br><em>Ab Klasse 7 einen Taschenrechner dazu erhalten Sie die Informationen \u00fcber die LehrkraftSII: Anschaffung eines CAS Taschenrechners.<\/em><\/p>\n\n\n\n<p><strong>Fachsprecher \/ Ansprechpartner<\/strong><br>Melanie Sundara ; Stellvertreter: Esra Kahraman<\/p>\n\n\n\n<p>Anh\u00e4nge:<\/p>\n\n\n\n<div class=\"wp-block-file\"><a id=\"wp-block-file--media-adb3040a-4a24-4ee2-902b-03539c92cc0a\" href=\"https:\/\/ge-dellbrueck.de\/wp-content\/uploads\/2020\/10\/Grundsa\u0308tze-der-LeistungsbewertungGDM.pdf\">Mathematik Leistungskonzept GDM<\/a><a href=\"https:\/\/ge-dellbrueck.de\/wp-content\/uploads\/2020\/10\/Grundsa\u0308tze-der-LeistungsbewertungGDM.pdf\" class=\"wp-block-file__button wp-element-button\" download aria-describedby=\"wp-block-file--media-adb3040a-4a24-4ee2-902b-03539c92cc0a\">Herunterladen<\/a><\/div>\n\n\n\n<div class=\"wp-block-file\"><a id=\"wp-block-file--media-5ff63643-e74a-44a9-b889-8ef529e7fd31\" href=\"https:\/\/ge-dellbrueck.de\/wp-content\/uploads\/2020\/10\/Mathematik-Jahrgang-8.pdf\"> Mathematik Lehrplan 8 <\/a><a href=\"https:\/\/ge-dellbrueck.de\/wp-content\/uploads\/2020\/10\/Mathematik-Jahrgang-8.pdf\" class=\"wp-block-file__button wp-element-button\" download aria-describedby=\"wp-block-file--media-5ff63643-e74a-44a9-b889-8ef529e7fd31\">Herunterladen<\/a><\/div>\n\n\n\n<div class=\"wp-block-file\"><a id=\"wp-block-file--media-2778daaf-6ace-4b9c-b319-24a0d6eedee0\" href=\"https:\/\/ge-dellbrueck.de\/wp-content\/uploads\/2020\/10\/Mathe_Kl.9-und-10_Eltern.docx\"> Mathematik Lehrplan 9\/10 <\/a><a href=\"https:\/\/ge-dellbrueck.de\/wp-content\/uploads\/2020\/10\/Mathe_Kl.9-und-10_Eltern.docx\" class=\"wp-block-file__button wp-element-button\" download aria-describedby=\"wp-block-file--media-2778daaf-6ace-4b9c-b319-24a0d6eedee0\">Herunterladen<\/a><\/div>\n\n\n\n<div data-wp-interactive=\"core\/file\" class=\"wp-block-file\"><object data-wp-bind--hidden=\"!state.hasPdfPreview\" hidden class=\"wp-block-file__embed\" data=\"https:\/\/ge-dellbrueck.de\/wp-content\/uploads\/2024\/05\/SILP5-und-6.pdf\" type=\"application\/pdf\" style=\"width:100%;height:600px\" aria-label=\"Einbettung von SILP5-und-6.\"><\/object><a id=\"wp-block-file--media-7b0d81a2-65ca-4d53-a25a-d2742fe552eb\" href=\"https:\/\/ge-dellbrueck.de\/wp-content\/uploads\/2024\/05\/SILP5-und-6.pdf\">SILP5-und-6<\/a><a href=\"https:\/\/ge-dellbrueck.de\/wp-content\/uploads\/2024\/05\/SILP5-und-6.pdf\" class=\"wp-block-file__button wp-element-button\" download aria-describedby=\"wp-block-file--media-7b0d81a2-65ca-4d53-a25a-d2742fe552eb\">Herunterladen<\/a><\/div>\n\n\n\n<div data-wp-interactive=\"core\/file\" class=\"wp-block-file\"><object data-wp-bind--hidden=\"!state.hasPdfPreview\" hidden class=\"wp-block-file__embed\" data=\"https:\/\/ge-dellbrueck.de\/wp-content\/uploads\/2024\/05\/Silp-7-.pdf\" type=\"application\/pdf\" style=\"width:100%;height:600px\" aria-label=\"Einbettung von Silp-7-.\"><\/object><a id=\"wp-block-file--media-27aa80a0-6111-45a3-ad42-628639127273\" href=\"https:\/\/ge-dellbrueck.de\/wp-content\/uploads\/2024\/05\/Silp-7-.pdf\">Silp-7-<\/a><a href=\"https:\/\/ge-dellbrueck.de\/wp-content\/uploads\/2024\/05\/Silp-7-.pdf\" class=\"wp-block-file__button wp-element-button\" download aria-describedby=\"wp-block-file--media-27aa80a0-6111-45a3-ad42-628639127273\">Herunterladen<\/a><\/div>\n\n\n","protected":false},"excerpt":{"rendered":"<p>Angebote in den Jahrg\u00e4ngen Im Jahrgang 5 bieten wir eine F\u00f6rderstunde durch die Fachlehrkraft f\u00fcr alle SuS in Kleingruppen an, damit der \u00dcbergang von der Grundschule besser bew\u00e4ltigt wird. Ab Jahrgang 8 differenzieren wir in Grundkurs und Erweiterungskurs f\u00fcr den individuellen Schulabschluss. Schwerpunkte des Faches in den einzelnen Jahrg\u00e4ngen (Kurzfassung) Kompetenzen &#8211; Unterrichtsinhalte Inhalte des [&hellip;]<\/p>\n","protected":false},"author":5,"featured_media":0,"parent":0,"menu_order":0,"comment_status":"closed","ping_status":"closed","template":"full-width","meta":{"saved_in_kubio":true,"footnotes":""},"class_list":["post-2288","page","type-page","status-publish","hentry"],"kubio_ai_page_context":{"short_desc":"","purpose":"general"},"_links":{"self":[{"href":"https:\/\/ge-dellbrueck.de\/start\/wp-json\/wp\/v2\/pages\/2288","targetHints":{"allow":["GET"]}}],"collection":[{"href":"https:\/\/ge-dellbrueck.de\/start\/wp-json\/wp\/v2\/pages"}],"about":[{"href":"https:\/\/ge-dellbrueck.de\/start\/wp-json\/wp\/v2\/types\/page"}],"author":[{"embeddable":true,"href":"https:\/\/ge-dellbrueck.de\/start\/wp-json\/wp\/v2\/users\/5"}],"replies":[{"embeddable":true,"href":"https:\/\/ge-dellbrueck.de\/start\/wp-json\/wp\/v2\/comments?post=2288"}],"version-history":[{"count":17,"href":"https:\/\/ge-dellbrueck.de\/start\/wp-json\/wp\/v2\/pages\/2288\/revisions"}],"predecessor-version":[{"id":6489,"href":"https:\/\/ge-dellbrueck.de\/start\/wp-json\/wp\/v2\/pages\/2288\/revisions\/6489"}],"wp:attachment":[{"href":"https:\/\/ge-dellbrueck.de\/start\/wp-json\/wp\/v2\/media?parent=2288"}],"curies":[{"name":"wp","href":"https:\/\/api.w.org\/{rel}","templated":true}]}}