{"id":2493,"date":"2020-10-05T19:07:18","date_gmt":"2020-10-05T17:07:18","guid":{"rendered":"https:\/\/ge-dellbrueck.de\/?page_id=2493"},"modified":"2024-03-06T18:47:34","modified_gmt":"2024-03-06T17:47:34","slug":"streitschlichtung","status":"publish","type":"page","link":"https:\/\/ge-dellbrueck.de\/start\/streitschlichtung\/","title":{"rendered":"Streitschlichtung"},"content":{"rendered":"\n<p>\n<strong>Konflikte\nund Streitigkeiten friedlich l\u00f6sen<\/strong><\/p>\n\n\n\n<p>\nStreitschlichtung\ndurch Sch\u00fclerinnen und Sch\u00fcler \n<\/p>\n\n\n\n<ol class=\"wp-block-list\"><li>\n\t<strong>Um\n\twas geht es ?<\/strong>\n<\/li><\/ol>\n\n\n\n<p>\nFast\njeder von uns, egal ob Kind oder Erwachsener, hat Konflikte oder\nerlebt Streitigkeiten.<\/p>\n\n\n\n<p>\nJeden\nTag kommt das vor, zu unterschiedlichsten Anl\u00e4ssen oder Zeiten:<\/p>\n\n\n\n<ul class=\"wp-block-list\"><li>\n\tin\n\tder Pause\n\t<\/li><li>\n\tw\u00e4hrend\n\tdes Unterrichts\n\t<\/li><li>\n\tin\n\tder Freizeit \n\t\n\t<\/li><li>\n\tzu\n\tHause\n\t<\/li><li>\n\tmit\n\tden Lehrerinnen und Lehrern\n\t<\/li><li>\n\tmit\n\tden Mitsch\u00fclerinnen und Mitsch\u00fcler  \n\t\n\t<\/li><li>\n\tmit\n\tEltern sowie\n\t<\/li><li>\n\tFreundinnen\n\tund Freunden\n<\/li><\/ul>\n\n\n\n<p>\nDas\nist zun\u00e4chst einmal nicht schlimm, sondern ganz normal. Wichtig ist\nnur, wie man einen Streit beendet. H\u00e4ufig gibt es dabei einen Sieger\nund einen Verlierer, mindestens einer der Streitenden ist hinterher\nsehr unzufrieden oder traurig. Mitunter sind auch Bedrohungen,\nBeschimpfungen und k\u00f6rperliche Gewalt im Spiel oder Angst bleibt\nzur\u00fcck. \n<\/p>\n\n\n\n<p>\nDoch\nes geht auch anders:<\/p>\n\n\n\n<p>\nNeutrale\nDritte, so genannte Streitschlichterinnen und Streitschlichter,\nk\u00f6nnen euch dabei helfen, Konflikte friedlich zu l\u00f6sen, sodass alle\nBeteiligten zufrieden sind und sich hinterher wieder in die Augen\nschauen k\u00f6nnen. Das hei\u00dft bei uns an der Schule \u201eStreitschlichtung\ndurch Sch\u00fclerinnen und Sch\u00fcler\u201c<\/p>\n\n\n\n<p>\n<strong>2.\nWie funktioniert das?<\/strong><\/p>\n\n\n\n<p>\nZiel\nist, dass die beiden Streitenden( manchmal sind es auch mehr)\nmiteinander reden und sich gegenseitig zuh\u00f6ren, um die Sichtweise\ndes anderen kennen zu lernen. Vielleicht gelingt es dann, sich ein\nwenig in den anderen hineinzuversetzen. Das ist eine gute Grundlage,\ngemeinsam \u00fcber m\u00f6gliche L\u00f6sungen eines Konflikts nachzudenken. Es\nhat sich gezeigt, dass die Beteiligten selbst viel bessere L\u00f6sungen\nfinden k\u00f6nne als Au\u00dfenstehende. Die gefundenen L\u00f6sungen werden von\nden Konfliktpartnern in einer Art \u201eVertrag\u201c in einem\nSchlichtungsformular festgehalten, sodass nichts Wichtiges vergessen\nwerden kann. Es wird nur das eingetragen, mit dem alle Beteiligten\neinverstanden sind, somit gibt es auch keinen Verlierer. Im\nGegenteil: alle sind Gewinner und gehen als Sieger raus. \n<\/p>\n\n\n\n<p>\n<strong>3.\nSind auch Erwachsene dabei?<\/strong><\/p>\n\n\n\n<p>\nIn\nder Regel sind es Sch\u00fclerinnen und Sch\u00fcler der 10. Klasse.Da sie\nh\u00e4ufig \u00e4hnlich Probleme haben oder hatten wie du, ist es f\u00fcr sie\nviel leichter dich zu verstehen, als dies ein Erwachsener kann.\nAu\u00dferdem sind sie daf\u00fcr speziell ausgebildet worden und haben dabei\ngelernt gut zuzuh\u00f6ren, sich in die Situation anderer\nhineinzuversetzen, unparteiisch zu sein und Verschwiegenheit zu\nbewahren. Nat\u00fcrlich k\u00f6nnt ihr auch in Konflikte geraten, wo es\nbesser ist, sich an eine Lehrerin oder einen Lehrer oder die\nSozialp\u00e4dagogen zu wenden. Sie sind selbstverst\u00e4ndlich nach wie vor\nf\u00fcr euch da, wenn ihr sie braucht. \n<\/p>\n\n\n\n<p>\n<strong>4.\nF\u00fcr wen ist das Angebot?<\/strong><\/p>\n\n\n\n<p>\nDies\nist ein Angebot f\u00fcr Sch\u00fclerinnen und Sch\u00fcler \n<\/p>\n\n\n\n<ul class=\"wp-block-list\"><li>\n\tdie\n\tin einem Konflikt oder Streit sind, den sie nicht alleine l\u00f6sen\n\tk\u00f6nnen,\n\t<\/li><li>\n\tdie\n\tnicht auf einen Ausweitung des Konflikts oder Streits aus sind,\n\t<\/li><li>\n\tdie\n\tm\u00f6glichst selbst, d.h.ohne Erwachsene eine L\u00f6sung finden wollen\n\t<\/li><li>\n\tdie\n\tgerne mit ihrem Konfliktpartner wieder etwas gemeinsam anfangen\n\twollen\n<\/li><\/ul>\n\n\n\n<p>\n<strong>5.\nWann und wo findet die Streitschlichtung statt, wer sind die\nSchlichterinnen und Schlichter?<\/strong><\/p>\n\n\n\n<p>\nDie\nStreitschlichter stehen in den Pausen und Mittagspause f\u00fcr euch im \nSchlichtungsraum  zur Verf\u00fcgung. Es sind Sch\u00fclerinnen und Sch\u00fcler\ndes 10.Jahrgangs. Sie werden von Frau Sundara betreut. \n<\/p>\n","protected":false},"excerpt":{"rendered":"<p>Konflikte und Streitigkeiten friedlich l\u00f6sen Streitschlichtung durch Sch\u00fclerinnen und Sch\u00fcler Um was geht es ? Fast jeder von uns, egal ob Kind oder Erwachsener, hat Konflikte oder erlebt Streitigkeiten. Jeden Tag kommt das vor, zu unterschiedlichsten Anl\u00e4ssen oder Zeiten: in der Pause w\u00e4hrend des Unterrichts in der Freizeit zu Hause mit den Lehrerinnen und Lehrern [&hellip;]<\/p>\n","protected":false},"author":5,"featured_media":0,"parent":0,"menu_order":0,"comment_status":"closed","ping_status":"closed","template":"full-width","meta":{"saved_in_kubio":true,"footnotes":""},"class_list":["post-2493","page","type-page","status-publish","hentry"],"kubio_ai_page_context":{"short_desc":"","purpose":"general"},"_links":{"self":[{"href":"https:\/\/ge-dellbrueck.de\/start\/wp-json\/wp\/v2\/pages\/2493","targetHints":{"allow":["GET"]}}],"collection":[{"href":"https:\/\/ge-dellbrueck.de\/start\/wp-json\/wp\/v2\/pages"}],"about":[{"href":"https:\/\/ge-dellbrueck.de\/start\/wp-json\/wp\/v2\/types\/page"}],"author":[{"embeddable":true,"href":"https:\/\/ge-dellbrueck.de\/start\/wp-json\/wp\/v2\/users\/5"}],"replies":[{"embeddable":true,"href":"https:\/\/ge-dellbrueck.de\/start\/wp-json\/wp\/v2\/comments?post=2493"}],"version-history":[{"count":2,"href":"https:\/\/ge-dellbrueck.de\/start\/wp-json\/wp\/v2\/pages\/2493\/revisions"}],"predecessor-version":[{"id":6262,"href":"https:\/\/ge-dellbrueck.de\/start\/wp-json\/wp\/v2\/pages\/2493\/revisions\/6262"}],"wp:attachment":[{"href":"https:\/\/ge-dellbrueck.de\/start\/wp-json\/wp\/v2\/media?parent=2493"}],"curies":[{"name":"wp","href":"https:\/\/api.w.org\/{rel}","templated":true}]}}