{"id":368,"date":"2019-09-11T17:06:24","date_gmt":"2019-09-11T15:06:24","guid":{"rendered":"https:\/\/ge-dellbrueck.de\/\/?page_id=368"},"modified":"2024-03-06T12:54:34","modified_gmt":"2024-03-06T11:54:34","slug":"schulordnung","status":"publish","type":"page","link":"https:\/\/ge-dellbrueck.de\/start\/schule\/schulordnung\/","title":{"rendered":"Schulordnung"},"content":{"rendered":"\n<p class=\"has-medium-font-size\">Unsere Schule bietet einen <strong>sicheren <\/strong>und <strong>angstfreien <\/strong>Raum, in dem die Beteiligten bestm\u00f6glich <strong>lernen <\/strong>und <strong>arbeiten <\/strong>k\u00f6nnen. <br>Die <strong>Regeln <\/strong>der Schulordnung dienen dazu, dies zu gew\u00e4hrleisten. <br> <\/p>\n\n\n\n<p class=\"has-medium-font-size\">Deshalb gilt besonders: <\/p>\n\n\n\n<p class=\"has-medium-font-size\"><img loading=\"lazy\" decoding=\"async\" width=\"30\" height=\"44\" class=\"wp-image-604\" style=\"width: 30px;\" src=\"https:\/\/ge-dellbrueck.de\/wp-content\/uploads\/2019\/09\/logo-Einzel-Flecken-3.jpg\" alt=\"\" srcset=\"https:\/\/ge-dellbrueck.de\/wp-content\/uploads\/2019\/09\/logo-Einzel-Flecken-3.jpg 434w, https:\/\/ge-dellbrueck.de\/wp-content\/uploads\/2019\/09\/logo-Einzel-Flecken-3-203x300.jpg 203w\" sizes=\"(max-width: 30px) 100vw, 30px\" \/>          Wir l\u00f6sen <strong>Konflikte friedlich.<\/strong> <\/p>\n\n\n\n<p class=\"has-medium-font-size\"><img loading=\"lazy\" decoding=\"async\" width=\"30\" height=\"44\" class=\"wp-image-604\" style=\"width: 30px;\" src=\"https:\/\/ge-dellbrueck.de\/wp-content\/uploads\/2019\/09\/logo-Einzel-Flecken-3.jpg\" alt=\"\" srcset=\"https:\/\/ge-dellbrueck.de\/wp-content\/uploads\/2019\/09\/logo-Einzel-Flecken-3.jpg 434w, https:\/\/ge-dellbrueck.de\/wp-content\/uploads\/2019\/09\/logo-Einzel-Flecken-3-203x300.jpg 203w\" sizes=\"(max-width: 30px) 100vw, 30px\" \/>         Wir <strong>respektieren <\/strong>das <strong>Eigentum <\/strong>anderer.  <\/p>\n\n\n\n<p class=\"has-medium-font-size\"> <img loading=\"lazy\" decoding=\"async\" width=\"30\" height=\"44\" class=\"wp-image-604\" style=\"width: 30px;\" src=\"https:\/\/ge-dellbrueck.de\/wp-content\/uploads\/2019\/09\/logo-Einzel-Flecken-3.jpg\" alt=\"\" srcset=\"https:\/\/ge-dellbrueck.de\/wp-content\/uploads\/2019\/09\/logo-Einzel-Flecken-3.jpg 434w, https:\/\/ge-dellbrueck.de\/wp-content\/uploads\/2019\/09\/logo-Einzel-Flecken-3-203x300.jpg 203w\" sizes=\"(max-width: 30px) 100vw, 30px\" \/>         Wir tragen zu einer guten <strong>Lernatmosph\u00e4re <\/strong>bei.  <\/p>\n\n\n\n<p class=\"has-medium-font-size\"> <img loading=\"lazy\" decoding=\"async\" width=\"30\" height=\"44\" class=\"wp-image-604\" style=\"width: 30px;\" src=\"https:\/\/ge-dellbrueck.de\/wp-content\/uploads\/2019\/09\/logo-Einzel-Flecken-3.jpg\" alt=\"\" srcset=\"https:\/\/ge-dellbrueck.de\/wp-content\/uploads\/2019\/09\/logo-Einzel-Flecken-3.jpg 434w, https:\/\/ge-dellbrueck.de\/wp-content\/uploads\/2019\/09\/logo-Einzel-Flecken-3-203x300.jpg 203w\" sizes=\"(max-width: 30px) 100vw, 30px\" \/>         Wir kommen <strong>p\u00fcnktlich <\/strong>zum Unterricht. <\/p>\n\n\n\n<p class=\"has-medium-font-size\"> <img loading=\"lazy\" decoding=\"async\" width=\"30\" height=\"44\" class=\"wp-image-604\" style=\"width: 30px;\" src=\"https:\/\/ge-dellbrueck.de\/wp-content\/uploads\/2019\/09\/logo-Einzel-Flecken-3.jpg\" alt=\"\" srcset=\"https:\/\/ge-dellbrueck.de\/wp-content\/uploads\/2019\/09\/logo-Einzel-Flecken-3.jpg 434w, https:\/\/ge-dellbrueck.de\/wp-content\/uploads\/2019\/09\/logo-Einzel-Flecken-3-203x300.jpg 203w\" sizes=\"(max-width: 30px) 100vw, 30px\" \/>          Wir beachten die <strong>Gespr\u00e4chsregeln<\/strong>. <\/p>\n\n\n\n<p class=\"has-medium-font-size\"> <img loading=\"lazy\" decoding=\"async\" width=\"30\" height=\"44\" class=\"wp-image-604\" style=\"width: 30px;\" src=\"https:\/\/ge-dellbrueck.de\/wp-content\/uploads\/2019\/09\/logo-Einzel-Flecken-3.jpg\" alt=\"\" srcset=\"https:\/\/ge-dellbrueck.de\/wp-content\/uploads\/2019\/09\/logo-Einzel-Flecken-3.jpg 434w, https:\/\/ge-dellbrueck.de\/wp-content\/uploads\/2019\/09\/logo-Einzel-Flecken-3-203x300.jpg 203w\" sizes=\"(max-width: 30px) 100vw, 30px\" \/>          Klassen, Flure und Teambereiche sind <strong>Ruhezonen<\/strong>. <\/p>\n\n\n\n<p class=\"has-medium-font-size\"> <img loading=\"lazy\" decoding=\"async\" width=\"30\" height=\"44\" class=\"wp-image-604\" style=\"width: 30px;\" src=\"https:\/\/ge-dellbrueck.de\/wp-content\/uploads\/2019\/09\/logo-Einzel-Flecken-3.jpg\" alt=\"\" srcset=\"https:\/\/ge-dellbrueck.de\/wp-content\/uploads\/2019\/09\/logo-Einzel-Flecken-3.jpg 434w, https:\/\/ge-dellbrueck.de\/wp-content\/uploads\/2019\/09\/logo-Einzel-Flecken-3-203x300.jpg 203w\" sizes=\"(max-width: 30px) 100vw, 30px\" \/>          Wir lassen <strong>Handys und MP3-Player <\/strong>in der Schule <strong>ausgeschaltet  <\/strong>(Sonderregelung: Nutzung privater elektronischer Ger\u00e4te zu Unterrichtszwecken). <\/p>\n\n\n\n<p class=\"has-medium-font-size\"> <img loading=\"lazy\" decoding=\"async\" width=\"30\" height=\"44\" class=\"wp-image-604\" style=\"width: 30px;\" src=\"https:\/\/ge-dellbrueck.de\/wp-content\/uploads\/2019\/09\/logo-Einzel-Flecken-3.jpg\" alt=\"\" srcset=\"https:\/\/ge-dellbrueck.de\/wp-content\/uploads\/2019\/09\/logo-Einzel-Flecken-3.jpg 434w, https:\/\/ge-dellbrueck.de\/wp-content\/uploads\/2019\/09\/logo-Einzel-Flecken-3-203x300.jpg 203w\" sizes=\"(max-width: 30px) 100vw, 30px\" \/>         Wir halten uns an das generelle <strong>Rauchverbot<\/strong>. <\/p>\n\n\n\n<p class=\"has-medium-font-size\"><img loading=\"lazy\" decoding=\"async\" width=\"30\" height=\"44\" class=\"wp-image-602\" style=\"width: 30px;\" src=\"https:\/\/ge-dellbrueck.de\/wp-content\/uploads\/2019\/09\/logo-Einzel-Flecken-1.jpg\" alt=\"\" srcset=\"https:\/\/ge-dellbrueck.de\/wp-content\/uploads\/2019\/09\/logo-Einzel-Flecken-1.jpg 434w, https:\/\/ge-dellbrueck.de\/wp-content\/uploads\/2019\/09\/logo-Einzel-Flecken-1-203x300.jpg 203w\" sizes=\"(max-width: 30px) 100vw, 30px\" \/>          Wir halten uns w\u00e4hrend des <strong>gesamten Schultages <\/strong>ausschlie\u00dflich auf dem <strong>Schulgel\u00e4nde <\/strong>auf. <\/p>\n\n\n\n<p class=\"has-medium-font-size\"><img loading=\"lazy\" decoding=\"async\" width=\"30\" height=\"44\" class=\"wp-image-387\" style=\"width: 30px;\" src=\"https:\/\/ge-dellbrueck.de\/wp-content\/uploads\/2019\/09\/logo-Einzel-Flecken.jpg\" alt=\"\" srcset=\"https:\/\/ge-dellbrueck.de\/wp-content\/uploads\/2019\/09\/logo-Einzel-Flecken.jpg 434w, https:\/\/ge-dellbrueck.de\/wp-content\/uploads\/2019\/09\/logo-Einzel-Flecken-203x300.jpg 203w\" sizes=\"(max-width: 30px) 100vw, 30px\" \/>           Wir achten auf <strong>Sauberkeit<\/strong>, halten die W\u00e4nde frei von Schmierereien und heben selbst Papier und M\u00fcll auf.  <\/p>\n\n\n\n<p class=\"has-medium-font-size\"><img loading=\"lazy\" decoding=\"async\" width=\"30\" height=\"44\" class=\"wp-image-387\" style=\"width: 30px;\" src=\"https:\/\/ge-dellbrueck.de\/wp-content\/uploads\/2019\/09\/logo-Einzel-Flecken.jpg\" alt=\"\" srcset=\"https:\/\/ge-dellbrueck.de\/wp-content\/uploads\/2019\/09\/logo-Einzel-Flecken.jpg 434w, https:\/\/ge-dellbrueck.de\/wp-content\/uploads\/2019\/09\/logo-Einzel-Flecken-203x300.jpg 203w\" sizes=\"(max-width: 30px) 100vw, 30px\" \/>          Wir befolgen die <strong>Anweisungen <\/strong>der Lehrerinnen und Lehrer und des Schulpersonals (Hausmeister, MensamitarbeiterInnen, Reinigungspersonal). <\/p>\n","protected":false},"excerpt":{"rendered":"<p>Unsere Schule bietet einen sicheren und angstfreien Raum, in dem die Beteiligten bestm\u00f6glich lernen und arbeiten k\u00f6nnen. Die Regeln der Schulordnung dienen dazu, dies zu gew\u00e4hrleisten. Deshalb gilt besonders: Wir l\u00f6sen Konflikte friedlich. Wir respektieren das Eigentum anderer. Wir tragen zu einer guten Lernatmosph\u00e4re bei. Wir kommen p\u00fcnktlich zum Unterricht. Wir beachten die Gespr\u00e4chsregeln. Klassen, [&hellip;]<\/p>\n","protected":false},"author":5,"featured_media":0,"parent":455,"menu_order":0,"comment_status":"closed","ping_status":"closed","template":"full-width","meta":{"saved_in_kubio":true,"footnotes":""},"class_list":["post-368","page","type-page","status-publish","hentry"],"kubio_ai_page_context":{"short_desc":"","purpose":"general"},"_links":{"self":[{"href":"https:\/\/ge-dellbrueck.de\/start\/wp-json\/wp\/v2\/pages\/368","targetHints":{"allow":["GET"]}}],"collection":[{"href":"https:\/\/ge-dellbrueck.de\/start\/wp-json\/wp\/v2\/pages"}],"about":[{"href":"https:\/\/ge-dellbrueck.de\/start\/wp-json\/wp\/v2\/types\/page"}],"author":[{"embeddable":true,"href":"https:\/\/ge-dellbrueck.de\/start\/wp-json\/wp\/v2\/users\/5"}],"replies":[{"embeddable":true,"href":"https:\/\/ge-dellbrueck.de\/start\/wp-json\/wp\/v2\/comments?post=368"}],"version-history":[{"count":20,"href":"https:\/\/ge-dellbrueck.de\/start\/wp-json\/wp\/v2\/pages\/368\/revisions"}],"predecessor-version":[{"id":6192,"href":"https:\/\/ge-dellbrueck.de\/start\/wp-json\/wp\/v2\/pages\/368\/revisions\/6192"}],"up":[{"embeddable":true,"href":"https:\/\/ge-dellbrueck.de\/start\/wp-json\/wp\/v2\/pages\/455"}],"wp:attachment":[{"href":"https:\/\/ge-dellbrueck.de\/start\/wp-json\/wp\/v2\/media?parent=368"}],"curies":[{"name":"wp","href":"https:\/\/api.w.org\/{rel}","templated":true}]}}