{"id":559,"date":"2019-09-14T14:03:54","date_gmt":"2019-09-14T12:03:54","guid":{"rendered":"https:\/\/ge-dellbrueck.de\/\/?page_id=559"},"modified":"2024-03-06T12:55:33","modified_gmt":"2024-03-06T11:55:33","slug":"oberstufe-sek-ii","status":"publish","type":"page","link":"https:\/\/ge-dellbrueck.de\/start\/oberstufe-sek-ii\/","title":{"rendered":"Oberstufe \/ Sek II"},"content":{"rendered":"\n<h4 class=\"wp-block-heading\"><strong>Die gymnasiale Oberstufe der Gesamtschule Dellbr\u00fccker Mauspfad<\/strong><\/h4>\n\n\n\n<p>Liebe Besucherinnen und Besucher,<\/p>\n\n\n\n<p>wir freuen uns sehr, dass Sie sich\nf\u00fcr die neu gegr\u00fcndete Oberstufe der <strong>Gesamtschule\nDellbr\u00fccker Mauspfad <\/strong>interessieren. Seit diesem Schuljahr ist bei uns der\nAufbau der neuen Oberstufe in K\u00f6ln-Dellbr\u00fcck mit dem 11. Jahrgang in der\nEinf\u00fchrungsphase erfolgreich gestartet.<\/p>\n\n\n\n<p>Im kommenden Schuljahr wird dann der\nn\u00e4chste 11. Jahrgang den Weg zum Abitur beschreiten.<\/p>\n\n\n\n<p>Zur ersten Orientierung haben wir hier die wichtigsten Informationen zusammengestellt.<\/p>\n\n\n\n<p>Mit folgendem Download k\u00f6nnen Sie zudem die PPT der Informationsveranstaltung vom 13.01.2022 herunterladen:<\/p>\n\n\n\n<div class=\"wp-block-file\"><a href=\"https:\/\/ge-dellbrueck.de\/wp-content\/uploads\/2022\/01\/Infonachmittag-Gym-ObSt-130122.pptx\">Infonachmittag-Gym-ObSt-130122<\/a><a href=\"https:\/\/ge-dellbrueck.de\/wp-content\/uploads\/2022\/01\/Infonachmittag-Gym-ObSt-130122.pptx\" class=\"wp-block-file__button\" download>Herunterladen<\/a><\/div>\n\n\n\n<p><strong>Aufnahme in unsere Oberstufe<\/strong><\/p>\n\n\n\n<p>Grunds\u00e4tzlich k\u00f6nnen Sie sich in\nunserer Oberstufe anmelden, wenn Sie die Fachoberschulreife mit der\nQualifikation zum Besuch der Einf\u00fchrungsphase der gymnasialen Oberstufe erworben\nhaben und noch nicht 19 Jahre alt sind.<\/p>\n\n\n\n<p>Neben den Sch\u00fclerinnen und Sch\u00fclern\nunserer eigen Sekundarstufe I nehmen wir auch gerne Sch\u00fclerinnen und Sch\u00fcler\nvon anderen Schulen in unsere Oberstufe auf.<\/p>\n\n\n\n<p>Um den \u00dcbergang in die gymnasiale\nOberstufe m\u00f6glichst problemlos zu gestalten, findet der Unterricht in den\nF\u00e4chern Deutsch, Mathematik, Englisch und Sport \u2013 wie in der Sekundarstufe I &#8211;\nquasi im Klassenverband statt.<\/p>\n\n\n\n<p>Au\u00dferdem bieten wir in der\nEinf\u00fchrungsphase in den Hauptf\u00e4chern Deutsch, Mathematik und Englisch\nzus\u00e4tzlich Vertiefungskurse an, um etwaige L\u00fccken aus- und eventuelle\nUnterschiede aus der Sekundarstufe I anzugleichen.<\/p>\n\n\n\n<p>Dar\u00fcber hinausgehend kooperieren wir in der Einf\u00fchrungsphase mit der Gesamtschule Holweide im Bereich der Fremdsprachen, um so ein m\u00f6glichst breit gef\u00e4chertes Fremdsprachenangebot zu erm\u00f6glichen. Diese Kooperation wird in den beiden Qualifikationsphasen auch auf der Leistungskursebene erfolgen. Weitere Informationen zum Anmeldeverfahren erhalten Sie <a rel=\"noreferrer noopener\" aria-label=\"hier (\u00f6ffnet in neuem Tab)\" href=\"https:\/\/ge-dellbrueck.de\/anmeldung-zur-oberstufe-sek-ii\/\" target=\"_blank\">hier<\/a>. <\/p>\n\n\n\n<p><strong>Das Oberstufenberatungsteam<\/strong><\/p>\n\n\n\n<p>Jeder\nJahrgang wird bei uns von zwei Beratungslehrerinnen oder Beratungslehrern\nbetreut. Sie beraten die Sch\u00fclerinnen und Sch\u00fcler bei allen Fragen der\nLaufbahnplanung, sind aber auch Ansprechpartnerinnen und Ansprechpartner bei\nanderen schulischen und sonstigen Problemen.<\/p>\n\n\n\n<p>Damit\n\u00fcbernehmen die Beratungslehrerinnen und Beratungslehrer eine \u00e4hnliche Funktion\nwie die Klassenlehrerinnen und Klassenlehrer in der SEK I<\/p>\n\n\n\n<p>Joachim Laux und Frank Thonemann sind die Beratungslehrer der jetzigen EF und Ansprechpartner bei allen Fragen rund um die Anmeldung und die Oberstufe. Bei Fragen k\u00f6nnen Sie gerne mit Herrn Laux <strong>per E-Mail<\/strong> in <strong>Kontakt<\/strong> treten (<a href=\"mailto:joachim.laux@ge-dellbrueck.de\">joachim.laux@ge-dellbrueck.de<\/a> ).<\/p>\n\n\n\n<p>Im Folgenden allgemeine Informationen zur gymnasialen Oberstufe von der Webseite des Schulministeriums.<\/p>\n\n\n\n<p class=\"has-medium-font-size\"><strong>Die gymnasiale Oberstufe (Sekundarstufe II<\/strong><em><strong>)<\/strong><\/em><\/p>\n\n\n\n<p>Die gymnasiale Oberstufe an Gymnasien und Gesamtschulen ist identisch und gliedert sich in eine einj\u00e4hrige Einf\u00fchrungsphase und in eine zweij\u00e4hrige Qualifikationsphase. Sie schlie\u00dft mit der Abiturpr\u00fcfung ab, mit der die Sch\u00fclerinnen und Sch\u00fcler die allgemeine Hochschulreife erwerben.<\/p>\n\n\n\n<p>Im Bildungsgang der Gesamtschulen treten Sch\u00fclerinnen und Sch\u00fcler am Ende der Jahrgangsstufe 10 in die gymnasiale Oberstufe ein, sofern die Sch\u00fclerinnen und Sch\u00fcler einen Qualifikationsvermerk erworben haben<em>.<\/em><\/p>\n\n\n\n<p>Der erfolgreiche Abschluss der gymnasialen Oberstufe bef\u00e4higt zum Studium an einer Hochschule und \u00f6ffnet zugleich den Weg in eine berufliche Ausbildung au\u00dferhalb der Hochschul<em>e.<\/em><\/p>\n\n\n\n<p>Insgesamt m\u00fcssen mindestens 102 Wochenstunden in den drei Jahren der gymnasialen Oberstufe erreicht werden. Innerhalb der Einf\u00fchrungsphase und innerhalb der Qualifikationsphase m\u00fcssen jeweils mindestens durchschnittlich 34 Wochenstunden belegt werden. Eine Verrechnung der Wochenstundenanzahl zwischen der Einf\u00fchrungs- und der Qualifikationsphase ist nicht zul\u00e4ssig, innerhalb der zwei Jahre der Qualifikationsphase aber m\u00f6glich.<\/p>\n\n\n\n<p>Die Unterrichtsf\u00e4cher in der <strong>gymnasialen Oberstufe<\/strong> sind\ndrei Aufgabenfeldern zugeordnet:<\/p>\n\n\n\n<ul class=\"wp-block-list\"><li>dem\n\tsprachlich-literarisch-k\u00fcnstlerischen \n\t\n\t<\/li><li>dem\n\tgesellschaftswissenschaftlichen \n\t\n\t<\/li><li>dem mathematisch-naturwissenschaftlich-technischen Bereich. \n\t\n<\/li><\/ul>\n\n\n\n<p>In jeder Schullaufbahn muss jedes der drei Aufgabenfelder\ndurchg\u00e4ngig bis zum Abschluss der gymnasialen Oberstufe\neinschlie\u00dflich der Abiturpr\u00fcfung repr\u00e4sentiert sein. Kein\nAufgabenfeld kann abgew\u00e4hlt oder zugunsten eines anderen\nausgetauscht werden. Durch diese Regelungen und die \u00fcbrigen\nPflichtbindungen wird eine vertiefte Allgemeinbildung f\u00fcr alle\nSch\u00fclerinnen und Sch\u00fcler gesichert.<\/p>\n\n\n\n<p><strong>I. Das sprachlich-literarisch-k\u00fcnstlerische Aufgabenfeld<\/strong><\/p>\n\n\n\n<p>Deutsch, Englisch, Lateinisch, Franz\u00f6sisch, Italienisch,\nJapanisch, Russisch, Chinesisch, Spanisch, Griechisch, T\u00fcrkisch,\nNiederl\u00e4ndisch, Hebr\u00e4isch, Neugriechisch, Portugiesisch, Kunst,\nMusik, Literatur<\/p>\n\n\n\n<p><strong>II. Das gesellschaftswissenschaftliche Aufgabenfeld<\/strong><\/p>\n\n\n\n<p>Geschichte, Sozialwissenschaften, Geographie, Philosophie,\nErziehungswissenschaft, Psychologie, Recht<\/p>\n\n\n\n<p><strong>III. Das mathematisch-naturwissenschaftlich-technische\nAufgabenfeld<\/strong><\/p>\n\n\n\n<p>Mathematik, Physik, Biologie, Chemie, Informatik, Technik,\nErn\u00e4hrungslehre<\/p>\n\n\n\n<p><strong>Religionslehre<\/strong> und <strong>Sport<\/strong> geh\u00f6ren keinem\nAufgabenfeld an. Im Fach Religionslehre m\u00fcssen in der\nEinf\u00fchrungsphase und in der Qualifikationsphase jeweils zwei Kurse\nbelegt werden, das Fach Sport muss durchg\u00e4ngig bis zum Abitur belegt\nwerden.<\/p>\n\n\n\n<h3 class=\"wp-block-heading\">Einf\u00fchrungsphase<\/h3>\n\n\n\n<p>In der einj\u00e4hrigen Einf\u00fchrungsphase werden Sch\u00fclerinnen und\nSch\u00fcler mit den inhaltlichen und methodischen Anforderungen der\ngymnasialen Oberstufe vertraut gemacht. Hier erwerben sie alle\ninhaltlichen und methodischen Voraussetzungen, um den Anforderungen\nder Qualifikationsphase zu gen\u00fcgen. Am Ende der Einf\u00fchrungsphase\nstehen die Versetzung in die Qualifikationsphase und am Gymnasium der\nErwerb des Mittleren Schulabschlusses.<\/p>\n\n\n\n<p>In der Einf\u00fchrungsphase m\u00fcssen Sch\u00fclerinnen und Sch\u00fcler\ndurchschnittlich 34 Wochenstunden belegen. Alle F\u00e4cher werden in\ndreist\u00fcndigen Grundkursen unterrichtet. Sch\u00fclerinnen und Sch\u00fclern\nk\u00f6nnen zur Erf\u00fcllung der Pflichtstundenzahl zus\u00e4tzlich noch bis zu\nzwei Vertiefungsf\u00e4cher w\u00e4hlen. Vertiefungsunterricht wird in Form\nvon zweist\u00fcndigen Halbjahreskursen angeboten und dient der\nIntensivierung der individuellen F\u00f6rderung von Kompetenzen in\nDeutsch, Mathematik und Fremdsprachen.<\/p>\n\n\n\n<p>In der Einf\u00fchrungsphase legen die Sch\u00fclerinnen und Sch\u00fcler\ndurch die Wahl ihrer Kurse aus dem Pflicht- und Wahlbereich die Basis\nf\u00fcr ihre gesamte Schullaufbahn in der gymnasialen Oberstufe.\nLediglich die Abwahl von F\u00e4chern ist nach der Einf\u00fchrungsphase noch\nm\u00f6glich, nicht eine Zuwahl neuer F\u00e4cher. Die Beratung zur\nindividuellen Schullaufbahn einer Sch\u00fclerin oder eines Sch\u00fclers\nhinsichtlich der verpflichtend und fakultativ zu belegenden F\u00e4cher\nfindet in der Schule durch die Beratungslehrerin oder den\nBeratungslehrer statt.<\/p>\n\n\n\n<h3 class=\"wp-block-heading\">Qualifikationsphase<\/h3>\n\n\n\n<p>Die Qualifikationsphase gliedert sich in zwei Jahre, in der sich\ndie Sch\u00fclerinnen und Sch\u00fcler f\u00fcr die Abiturpr\u00fcfung qualifizieren.\nInnerhalb der Qualifikationsphase gibt es keine Versetzung zwischen\nden beiden Schuljahren der Qualifikationsphase. Sch\u00fclerinnen und\nSch\u00fcler m\u00fcssen in der Qualifikationsphase durchschnittlich 34\nWochenstunden belegen. Aus den in der Einf\u00fchrungsphase belegten\nF\u00e4chern w\u00e4hlen Sch\u00fclerinnen und Sch\u00fcler ihre vier Abiturf\u00e4cher,\nzwei Leistungskurse und zwei Grundkurse. Dar\u00fcber hinaus k\u00f6nnen\nSch\u00fclerinnen und Sch\u00fcler bis zu zwei Vertiefungskurse und einen\nProjektkurs belegen.<\/p>\n\n\n\n<p>Am Ende der Qualifikationsphase stehen die Zulassung zur\nAbiturpr\u00fcfung und die Abiturpr\u00fcfung selbst.<\/p>\n\n\n\n<p>Die in der Qualifikationsphase erbrachten Leistungen in den\neinzelnen Kursen sind Grundlage f\u00fcr die Berechnung der Zulassung zum\nAbitur und flie\u00dfen zu zwei Drittel und die erzielten Leistungen im\nAbiturbereich zu einem Drittel in die Abiturnote mit ein.<\/p>\n\n\n\n<p>Im Abiturbereich k\u00f6nnen Sch\u00fclerinnen und Sch\u00fcler auch eine\n\u201eBesondere Lernleistung\u201c als f\u00fcnftes Abiturfach einbringen. Eine\n\u201eBesondere Lernleistung\u201c kann ein umfassender Beitrag aus einem\nvon den L\u00e4ndern gef\u00f6rderten Wettbewerb, die Ergebnisse eines\nProjektkurses oder die Ergebnisse eines individuellen, umfassenden\nfachlichen oder fach\u00fcbergreifenden Projektes sein. Die Schulleiterin\nbzw. der Schulleiter entscheidet \u00fcber die Zulassung einer\n\u201eBesonderen Lernleistung\u201c.<\/p>\n\n\n\n<p>Quelle:\n<a href=\"https:\/\/www.schulministerium.nrw.de\/docs\/Schulsystem\/Schulformen\/Gymnasium\/Sek-II\/index.html\">https:\/\/www.schulministerium.nrw.de\/docs\/Schulsystem\/Schulformen\/Gymnasium\/Sek-II\/index.html<\/a>\nStand 15.09.2019<\/p>\n","protected":false},"excerpt":{"rendered":"<p>Die gymnasiale Oberstufe der Gesamtschule Dellbr\u00fccker Mauspfad Liebe Besucherinnen und Besucher, wir freuen uns sehr, dass Sie sich f\u00fcr die neu gegr\u00fcndete Oberstufe der Gesamtschule Dellbr\u00fccker Mauspfad interessieren. Seit diesem Schuljahr ist bei uns der Aufbau der neuen Oberstufe in K\u00f6ln-Dellbr\u00fcck mit dem 11. Jahrgang in der Einf\u00fchrungsphase erfolgreich gestartet. Im kommenden Schuljahr wird dann [&hellip;]<\/p>\n","protected":false},"author":5,"featured_media":0,"parent":0,"menu_order":0,"comment_status":"closed","ping_status":"closed","template":"full-width","meta":{"saved_in_kubio":true,"footnotes":""},"class_list":["post-559","page","type-page","status-publish","hentry"],"kubio_ai_page_context":{"short_desc":"","purpose":"general"},"_links":{"self":[{"href":"https:\/\/ge-dellbrueck.de\/start\/wp-json\/wp\/v2\/pages\/559","targetHints":{"allow":["GET"]}}],"collection":[{"href":"https:\/\/ge-dellbrueck.de\/start\/wp-json\/wp\/v2\/pages"}],"about":[{"href":"https:\/\/ge-dellbrueck.de\/start\/wp-json\/wp\/v2\/types\/page"}],"author":[{"embeddable":true,"href":"https:\/\/ge-dellbrueck.de\/start\/wp-json\/wp\/v2\/users\/5"}],"replies":[{"embeddable":true,"href":"https:\/\/ge-dellbrueck.de\/start\/wp-json\/wp\/v2\/comments?post=559"}],"version-history":[{"count":15,"href":"https:\/\/ge-dellbrueck.de\/start\/wp-json\/wp\/v2\/pages\/559\/revisions"}],"predecessor-version":[{"id":6194,"href":"https:\/\/ge-dellbrueck.de\/start\/wp-json\/wp\/v2\/pages\/559\/revisions\/6194"}],"wp:attachment":[{"href":"https:\/\/ge-dellbrueck.de\/start\/wp-json\/wp\/v2\/media?parent=559"}],"curies":[{"name":"wp","href":"https:\/\/api.w.org\/{rel}","templated":true}]}}