{"id":567,"date":"2019-09-14T14:22:36","date_gmt":"2019-09-14T12:22:36","guid":{"rendered":"https:\/\/ge-dellbrueck.de\/\/?page_id=567"},"modified":"2022-11-22T17:08:38","modified_gmt":"2022-11-22T16:08:38","slug":"abschluesse","status":"publish","type":"page","link":"https:\/\/ge-dellbrueck.de\/start\/sekundarstufe-i\/abschluesse\/","title":{"rendered":"Abschl\u00fcsse der Sekundarstufe I und Sekundarstufe 2"},"content":{"rendered":"\n<p>In der Gesamtschule k\u00f6nnen alle Abschl\u00fcsse der Sekundarstufe I erworben werden:<\/p>\n\n\n\n<ul class=\"wp-block-list\"><li>der Hauptschulabschluss<\/li><li>der Hauptschulabschluss nach Klasse 10<\/li><li>der mittlere Schulabschluss (Fachoberschulreife) nach Klasse 10.<\/li><\/ul>\n\n\n\n<p>Informationen zu den zentralen Abschlusspr\u00fcfungen (ZP 10) finden Sie unter diesem Download:<\/p>\n\n\n\n<div class=\"wp-block-file\"><a href=\"https:\/\/ge-dellbrueck.de\/wp-content\/uploads\/2022\/03\/ZP10-2022-Schu\u0308ler-Eltern-Info-1.pptx\">ZP10-2022-Schu\u0308ler-Eltern-Info-1<\/a><a href=\"https:\/\/ge-dellbrueck.de\/wp-content\/uploads\/2022\/03\/ZP10-2022-Schu\u0308ler-Eltern-Info-1.pptx\" class=\"wp-block-file__button\" download>Herunterladen<\/a><\/div>\n\n\n\n<h4 class=\"wp-block-heading\"><strong>Gymnasiale Oberstufe<\/strong><\/h4>\n\n\n\n<ul class=\"wp-block-list\"><li> Fachhochschulreife (Fachabitur)<\/li><li>Allgemeine Hochschulreife (Abitur)<\/li><\/ul>\n\n\n\n<p>Voraussetzung f\u00fcr den Erwerb des mittleren Schulabschlusses  (Fachoberschulreife) sind mindestens ausreichende Leistungen in zwei  F\u00e4chern auf der Erweiterungsebene und im Fach des  Wahlpflichtunterrichts, befriedigende Leistungen&nbsp; auf der Grundebene,  zweimal befriedigende und im \u00dcbrigen ausreichende Leistungen in den  anderen F\u00e4chern. Dieser Abschluss beinhaltet die Berechtigung zum Besuch  der gymnasialen Oberstufe des Gymnasiums, der Gesamtschule oder  entsprechender vollzeitschulischer Bildungsg\u00e4nge des Berufskollegs, wenn  die Leistungen in drei F\u00e4chern auf der Erweiterungsebene und im Fach  des Wahlpflichtunterrichts und in den \u00fcbrigen F\u00e4chern  mindestens&nbsp;befriedigend und im Grundkurs mindestens gut sind.<\/p>\n\n\n\n<p>Die gymnasiale Oberstufe setzt den Bildungsgang der Klassen 5 bis 10 \nfort. Es gibt eine einheitliche dreij\u00e4hrige gymnasiale Oberstufe an \nGesamtschulen und Gymnasien.<\/p>\n\n\n\n<p>Bei besonders guten Leistungen k\u00f6nnen die Sch\u00fclerinnen und Sch\u00fcler \nggf. direkt zum Besuch der Qualifikationsphase der gymnasialen Oberstufe\n zugelassen werden, wenn sie bis zum Ende der Klasse 10 mindestens in \nvier aufeinander folgenden Schuljahren am Unterricht in einer zweiten \nFremdsprache teilgenommen haben.<\/p>\n","protected":false},"excerpt":{"rendered":"<p>In der Gesamtschule k\u00f6nnen alle Abschl\u00fcsse der Sekundarstufe I erworben werden: der Hauptschulabschluss der Hauptschulabschluss nach Klasse 10 der mittlere Schulabschluss (Fachoberschulreife) nach Klasse 10. Informationen zu den zentralen Abschlusspr\u00fcfungen (ZP 10) finden Sie unter diesem Download: Gymnasiale Oberstufe Fachhochschulreife (Fachabitur) Allgemeine Hochschulreife (Abitur) Voraussetzung f\u00fcr den Erwerb des mittleren Schulabschlusses (Fachoberschulreife) sind mindestens ausreichende [&hellip;]<\/p>\n","protected":false},"author":5,"featured_media":0,"parent":565,"menu_order":0,"comment_status":"closed","ping_status":"closed","template":"","meta":{"saved_in_kubio":false,"footnotes":""},"class_list":["post-567","page","type-page","status-publish","hentry"],"kubio_ai_page_context":{"short_desc":"","purpose":"general"},"_links":{"self":[{"href":"https:\/\/ge-dellbrueck.de\/start\/wp-json\/wp\/v2\/pages\/567","targetHints":{"allow":["GET"]}}],"collection":[{"href":"https:\/\/ge-dellbrueck.de\/start\/wp-json\/wp\/v2\/pages"}],"about":[{"href":"https:\/\/ge-dellbrueck.de\/start\/wp-json\/wp\/v2\/types\/page"}],"author":[{"embeddable":true,"href":"https:\/\/ge-dellbrueck.de\/start\/wp-json\/wp\/v2\/users\/5"}],"replies":[{"embeddable":true,"href":"https:\/\/ge-dellbrueck.de\/start\/wp-json\/wp\/v2\/comments?post=567"}],"version-history":[{"count":5,"href":"https:\/\/ge-dellbrueck.de\/start\/wp-json\/wp\/v2\/pages\/567\/revisions"}],"predecessor-version":[{"id":4831,"href":"https:\/\/ge-dellbrueck.de\/start\/wp-json\/wp\/v2\/pages\/567\/revisions\/4831"}],"up":[{"embeddable":true,"href":"https:\/\/ge-dellbrueck.de\/start\/wp-json\/wp\/v2\/pages\/565"}],"wp:attachment":[{"href":"https:\/\/ge-dellbrueck.de\/start\/wp-json\/wp\/v2\/media?parent=567"}],"curies":[{"name":"wp","href":"https:\/\/api.w.org\/{rel}","templated":true}]}}