{"id":569,"date":"2019-09-14T14:27:30","date_gmt":"2019-09-14T12:27:30","guid":{"rendered":"https:\/\/ge-dellbrueck.de\/\/?page_id=569"},"modified":"2024-11-25T20:29:15","modified_gmt":"2024-11-25T19:29:15","slug":"profil","status":"publish","type":"page","link":"https:\/\/ge-dellbrueck.de\/start\/profil\/","title":{"rendered":"Profil"},"content":{"rendered":"\n<p>Eine gute Gesamtschule muss und soll <strong>f\u00fcr alle <\/strong>Kinder und Jugendliche Anreize und Entfaltungsm\u00f6glichkeiten bieten.<br>Dieses geschieht an der Gesamtschule Dellbr\u00fccker Mauspfad durch den Kernunterricht ein breites F\u00e4cherangebot, Erg\u00e4nzungsstunden, Begabtenf\u00f6rderung, Berufsorientierung, Beratung, Differenzierung, Wahlpflichtunterricht.<\/p>\n\n\n\n<p>Dennoch gibt es an der GDM einige <strong>besondere, profilbildende Elemente<\/strong>, die wir Ihnendarstellen und vorstellen m\u00f6chten:<\/p>\n\n\n\n<p><\/p>\n\n\n\n<p><strong><a href=\"https:\/\/ge-dellbrueck.de\/profil\/quiss\/\">Quiss<\/a><\/strong><\/p>\n\n\n\n<p><strong>Zirkus<\/strong><\/p>\n\n\n\n<p><strong>48 Stunden &#8211; Challenge<\/strong><\/p>\n","protected":false},"excerpt":{"rendered":"<p>Eine gute Gesamtschule muss und soll f\u00fcr alle Kinder und Jugendliche Anreize und Entfaltungsm\u00f6glichkeiten bieten.Dieses geschieht an der Gesamtschule Dellbr\u00fccker Mauspfad durch den Kernunterricht ein breites F\u00e4cherangebot, Erg\u00e4nzungsstunden, Begabtenf\u00f6rderung, Berufsorientierung, Beratung, Differenzierung, Wahlpflichtunterricht. Dennoch gibt es an der GDM einige besondere, profilbildende Elemente, die wir Ihnendarstellen und vorstellen m\u00f6chten: Quiss Zirkus 48 Stunden &#8211; Challenge<\/p>\n","protected":false},"author":5,"featured_media":0,"parent":0,"menu_order":0,"comment_status":"closed","ping_status":"closed","template":"full-width","meta":{"saved_in_kubio":true,"footnotes":""},"class_list":["post-569","page","type-page","status-publish","hentry"],"kubio_ai_page_context":{"short_desc":"","purpose":"general"},"_links":{"self":[{"href":"https:\/\/ge-dellbrueck.de\/start\/wp-json\/wp\/v2\/pages\/569","targetHints":{"allow":["GET"]}}],"collection":[{"href":"https:\/\/ge-dellbrueck.de\/start\/wp-json\/wp\/v2\/pages"}],"about":[{"href":"https:\/\/ge-dellbrueck.de\/start\/wp-json\/wp\/v2\/types\/page"}],"author":[{"embeddable":true,"href":"https:\/\/ge-dellbrueck.de\/start\/wp-json\/wp\/v2\/users\/5"}],"replies":[{"embeddable":true,"href":"https:\/\/ge-dellbrueck.de\/start\/wp-json\/wp\/v2\/comments?post=569"}],"version-history":[{"count":6,"href":"https:\/\/ge-dellbrueck.de\/start\/wp-json\/wp\/v2\/pages\/569\/revisions"}],"predecessor-version":[{"id":6954,"href":"https:\/\/ge-dellbrueck.de\/start\/wp-json\/wp\/v2\/pages\/569\/revisions\/6954"}],"wp:attachment":[{"href":"https:\/\/ge-dellbrueck.de\/start\/wp-json\/wp\/v2\/media?parent=569"}],"curies":[{"name":"wp","href":"https:\/\/api.w.org\/{rel}","templated":true}]}}