{"id":6095,"date":"2024-03-03T16:41:22","date_gmt":"2024-03-03T15:41:22","guid":{"rendered":"https:\/\/ge-dellbrueck.de\/start\/?page_id=6095"},"modified":"2024-03-06T12:41:10","modified_gmt":"2024-03-06T11:41:10","slug":"differenzierungskurse","status":"publish","type":"page","link":"https:\/\/ge-dellbrueck.de\/start\/differenzierungskurse\/","title":{"rendered":"Differenzierungskurse"},"content":{"rendered":"\n<p>Um unsere Sch\u00fcler:innen bestm\u00f6glich zu fordern und zu f\u00f6rdern bieten wir in Englisch (ab Klasse 7), Mathematik (ab Klasse 8), Deutsch (ab Klasse 9) und Chemie (ab Klasse 9) Erweiterungskurse und Grundkurse an.<\/p>\n","protected":false},"excerpt":{"rendered":"<p>Um unsere Sch\u00fcler:innen bestm\u00f6glich zu fordern und zu f\u00f6rdern bieten wir in Englisch (ab Klasse 7), Mathematik (ab Klasse 8), Deutsch (ab Klasse 9) und Chemie (ab Klasse 9) Erweiterungskurse und Grundkurse an.<\/p>\n","protected":false},"author":6,"featured_media":0,"parent":0,"menu_order":0,"comment_status":"closed","ping_status":"closed","template":"full-width","meta":{"saved_in_kubio":true,"footnotes":""},"class_list":["post-6095","page","type-page","status-publish","hentry"],"kubio_ai_page_context":{"short_desc":"","purpose":"general"},"_links":{"self":[{"href":"https:\/\/ge-dellbrueck.de\/start\/wp-json\/wp\/v2\/pages\/6095","targetHints":{"allow":["GET"]}}],"collection":[{"href":"https:\/\/ge-dellbrueck.de\/start\/wp-json\/wp\/v2\/pages"}],"about":[{"href":"https:\/\/ge-dellbrueck.de\/start\/wp-json\/wp\/v2\/types\/page"}],"author":[{"embeddable":true,"href":"https:\/\/ge-dellbrueck.de\/start\/wp-json\/wp\/v2\/users\/6"}],"replies":[{"embeddable":true,"href":"https:\/\/ge-dellbrueck.de\/start\/wp-json\/wp\/v2\/comments?post=6095"}],"version-history":[{"count":2,"href":"https:\/\/ge-dellbrueck.de\/start\/wp-json\/wp\/v2\/pages\/6095\/revisions"}],"predecessor-version":[{"id":6176,"href":"https:\/\/ge-dellbrueck.de\/start\/wp-json\/wp\/v2\/pages\/6095\/revisions\/6176"}],"wp:attachment":[{"href":"https:\/\/ge-dellbrueck.de\/start\/wp-json\/wp\/v2\/media?parent=6095"}],"curies":[{"name":"wp","href":"https:\/\/api.w.org\/{rel}","templated":true}]}}