{"id":682,"date":"2019-09-19T20:29:44","date_gmt":"2019-09-19T18:29:44","guid":{"rendered":"https:\/\/ge-dellbrueck.de\/?page_id=682"},"modified":"2024-09-27T14:02:20","modified_gmt":"2024-09-27T12:02:20","slug":"anfahrt","status":"publish","type":"page","link":"https:\/\/ge-dellbrueck.de\/start\/service\/anfahrt\/","title":{"rendered":"Anfahrt"},"content":{"rendered":"\n<p>Dellbr\u00fccker Mauspfad 198, 51069 K\u00f6ln (Dellbr\u00fcck)<\/p>\n\n\n\n<p class=\"has-medium-font-size\">Mit dem Auto<\/p>\n\n\n\n<ul class=\"wp-block-list\">\n<li>von der A3 Ausfahrt Dellbr\u00fcck <\/li>\n\n\n\n<li>die Bergisch Gladbacher Stra\u00dfe ca. 6 km Richtung Bergisch Gladbach fahren <\/li>\n\n\n\n<li>am Dellbr\u00fccker Mauspfad (rechts: Kirche) rechts abbiegen. <\/li>\n\n\n\n<li>ca. 1 km \u00fcber die Bahnlinie hinweg, kurz vor einer leichten Rechtskurve befindet sich die Einfahrt auf der linken Seite.<\/li>\n<\/ul>\n\n\n\n<p class=\"has-medium-font-size\">mit der Bahn:<\/p>\n\n\n\n<ul class=\"wp-block-list\">\n<li>Linie 3 oder 18 (Richtung Thielenbruch) bis Dellbr\u00fcck Mauspfad.<\/li>\n\n\n\n<li>in Fahrtrichtung rechts gehen, nach 200 Meter kurz vor einer leichten Rechtskurve befindet sich die Einfahrt auf der linken Seite. <\/li>\n<\/ul>\n","protected":false},"excerpt":{"rendered":"<p>Dellbr\u00fccker Mauspfad 198, 51069 K\u00f6ln (Dellbr\u00fcck) Mit dem Auto mit der Bahn:<\/p>\n","protected":false},"author":5,"featured_media":0,"parent":475,"menu_order":0,"comment_status":"closed","ping_status":"closed","template":"full-width","meta":{"saved_in_kubio":true,"footnotes":""},"class_list":["post-682","page","type-page","status-publish","hentry"],"kubio_ai_page_context":{"short_desc":"","purpose":"general"},"_links":{"self":[{"href":"https:\/\/ge-dellbrueck.de\/start\/wp-json\/wp\/v2\/pages\/682","targetHints":{"allow":["GET"]}}],"collection":[{"href":"https:\/\/ge-dellbrueck.de\/start\/wp-json\/wp\/v2\/pages"}],"about":[{"href":"https:\/\/ge-dellbrueck.de\/start\/wp-json\/wp\/v2\/types\/page"}],"author":[{"embeddable":true,"href":"https:\/\/ge-dellbrueck.de\/start\/wp-json\/wp\/v2\/users\/5"}],"replies":[{"embeddable":true,"href":"https:\/\/ge-dellbrueck.de\/start\/wp-json\/wp\/v2\/comments?post=682"}],"version-history":[{"count":7,"href":"https:\/\/ge-dellbrueck.de\/start\/wp-json\/wp\/v2\/pages\/682\/revisions"}],"predecessor-version":[{"id":6688,"href":"https:\/\/ge-dellbrueck.de\/start\/wp-json\/wp\/v2\/pages\/682\/revisions\/6688"}],"up":[{"embeddable":true,"href":"https:\/\/ge-dellbrueck.de\/start\/wp-json\/wp\/v2\/pages\/475"}],"wp:attachment":[{"href":"https:\/\/ge-dellbrueck.de\/start\/wp-json\/wp\/v2\/media?parent=682"}],"curies":[{"name":"wp","href":"https:\/\/api.w.org\/{rel}","templated":true}]}}